{"id":8603,"date":"2025-07-12T15:07:57","date_gmt":"2025-07-12T12:07:57","guid":{"rendered":"https:\/\/www.isademirci.com\/en\/?page_id=8603"},"modified":"2025-09-23T11:44:53","modified_gmt":"2025-09-23T08:44:53","slug":"zoho-phonebridge","status":"publish","type":"page","link":"https:\/\/www.isademirci.com\/en\/zoho-phonebridge\/","title":{"rendered":"Zoho PhoneBridge"},"content":{"rendered":"\t\t<div data-elementor-type=\"wp-page\" data-elementor-id=\"8603\" class=\"elementor elementor-8603\">\n\t\t\t\t<div class=\"elementor-element elementor-element-3c27ba2 e-flex e-con-boxed e-con e-parent\" data-id=\"3c27ba2\" data-element_type=\"container\">\n\t\t\t\t\t<div class=\"e-con-inner\">\n\t\t\t\t<div class=\"elementor-element elementor-element-960110f elementor-widget elementor-widget-image\" data-id=\"960110f\" data-element_type=\"widget\" data-widget_type=\"image.default\">\n\t\t\t\t<div class=\"elementor-widget-container\">\n\t\t\t\t\t\t\t\t\t\t\t\t\t\t\t<img decoding=\"async\" src=\"https:\/\/www.isademirci.com\/en\/wp-content\/uploads\/elementor\/thumbs\/zoho-phonebridge-rc53s2ubqwyce4dcr81cy62quen9kfp52lgign0tda.png\" title=\"zoho-phonebridge\" alt=\"zoho-phonebridge\" loading=\"lazy\" \/>\t\t\t\t\t\t\t\t\t\t\t\t\t\t\t<\/div>\n\t\t\t\t<\/div>\n\t\t\t\t<div class=\"elementor-element elementor-element-c068b28 elementor-widget elementor-widget-sasstech-heading-title-two-widget\" data-id=\"c068b28\" data-element_type=\"widget\" data-widget_type=\"sasstech-heading-title-two-widget.default\">\n\t\t\t\t<div class=\"elementor-widget-container\">\n\t\t\t\t\t        <div class=\"section-main-title\">\r\n            \r\n            <h1 class=\"splitTextStyleOne text-heading text-capitalize\" data-aos=\"fade-up\" data-aos-anchor-placement=\"top-bottom\" data-aos-duration=\"600\">Zoho PhoneBridge<\/h1>\r\n                            <p class=\"splitTextStyleOne text-neutral-500 tw-mt-8 max-w-570-px fw-medium\" style=\"font-family: Satoshi, sans-serif;\">Bring Calls into CRM with PBX Integration\n<\/p>\r\n                    <\/div>\r\n        \t\t\t\t<\/div>\n\t\t\t\t<\/div>\n\t\t\t\t\t<\/div>\n\t\t\t\t<\/div>\n\t\t<div class=\"elementor-element elementor-element-374b2e4 e-flex e-con-boxed e-con e-parent\" data-id=\"374b2e4\" data-element_type=\"container\">\n\t\t\t\t\t<div class=\"e-con-inner\">\n\t\t<div class=\"elementor-element elementor-element-3198c32 e-con-full e-flex e-con e-child\" data-id=\"3198c32\" data-element_type=\"container\">\n\t\t<div class=\"elementor-element elementor-element-21367ae e-con-full e-flex e-con e-child\" data-id=\"21367ae\" data-element_type=\"container\">\n\t\t\t\t<div class=\"elementor-element elementor-element-542e32e elementor-widget elementor-widget-text-editor\" data-id=\"542e32e\" data-element_type=\"widget\" data-widget_type=\"text-editor.default\">\n\t\t\t\t<div class=\"elementor-widget-container\">\n\t\t\t\t\t\t\t\t\tManually entering call history is now a thing of the past. Zoho PhoneBridge integrates your existing PBX system with Zoho CRM, automatically logging all incoming and outgoing calls into CRM records. This fully digitizes the customer communication history.\n\n&nbsp;\t\t\t\t\t\t\t\t<\/div>\n\t\t\t\t<\/div>\n\t\t\t\t<div class=\"elementor-element elementor-element-bcdb613 elementor-widget elementor-widget-text-editor\" data-id=\"bcdb613\" data-element_type=\"widget\" data-widget_type=\"text-editor.default\">\n\t\t\t\t<div class=\"elementor-widget-container\">\n\t\t\t\t\t\t\t\t\t<h3>Features and Benefits<\/h3>\n&nbsp;\t\t\t\t\t\t\t\t<\/div>\n\t\t\t\t<\/div>\n\t\t<div class=\"elementor-element elementor-element-df02781 e-con-full e-grid e-con e-child\" data-id=\"df02781\" data-element_type=\"container\">\n\t\t<div class=\"elementor-element elementor-element-24440b0 e-con-full e-flex e-con e-child\" data-id=\"24440b0\" data-element_type=\"container\" data-settings=\"{&quot;background_background&quot;:&quot;classic&quot;}\">\n\t\t\t\t<div class=\"elementor-element elementor-element-875c7af elementor-widget elementor-widget-icon-box\" data-id=\"875c7af\" data-element_type=\"widget\" data-widget_type=\"icon-box.default\">\n\t\t\t\t<div class=\"elementor-widget-container\">\n\t\t\t\t\t\t\t<div class=\"elementor-icon-box-wrapper\">\n\n\t\t\t\n\t\t\t\t\t\t<div class=\"elementor-icon-box-content\">\n\n\t\t\t\t\t\t\t\t\t<h3 class=\"elementor-icon-box-title\">\n\t\t\t\t\t\t<span  >\n\t\t\t\t\t\t\tThe customer record automatically pops up during the call.\t\t\t\t\t\t<\/span>\n\t\t\t\t\t<\/h3>\n\t\t\t\t\n\t\t\t\t\n\t\t\t<\/div>\n\t\t\t\n\t\t<\/div>\n\t\t\t\t\t\t<\/div>\n\t\t\t\t<\/div>\n\t\t\t\t<\/div>\n\t\t<div class=\"elementor-element elementor-element-f55437d e-con-full e-flex e-con e-child\" data-id=\"f55437d\" data-element_type=\"container\" data-settings=\"{&quot;background_background&quot;:&quot;classic&quot;}\">\n\t\t\t\t<div class=\"elementor-element elementor-element-643bd5b elementor-widget elementor-widget-icon-box\" data-id=\"643bd5b\" data-element_type=\"widget\" data-widget_type=\"icon-box.default\">\n\t\t\t\t<div class=\"elementor-widget-container\">\n\t\t\t\t\t\t\t<div class=\"elementor-icon-box-wrapper\">\n\n\t\t\t\n\t\t\t\t\t\t<div class=\"elementor-icon-box-content\">\n\n\t\t\t\t\t\t\t\t\t<h3 class=\"elementor-icon-box-title\">\n\t\t\t\t\t\t<span  >\n\t\t\t\t\t\t\tCalls are linked to the CRM contact, and notes can be added.\t\t\t\t\t\t<\/span>\n\t\t\t\t\t<\/h3>\n\t\t\t\t\n\t\t\t\t\n\t\t\t<\/div>\n\t\t\t\n\t\t<\/div>\n\t\t\t\t\t\t<\/div>\n\t\t\t\t<\/div>\n\t\t\t\t<\/div>\n\t\t<div class=\"elementor-element elementor-element-00b81b8 e-con-full e-flex e-con e-child\" data-id=\"00b81b8\" data-element_type=\"container\" data-settings=\"{&quot;background_background&quot;:&quot;classic&quot;}\">\n\t\t\t\t<div class=\"elementor-element elementor-element-6f04c20 elementor-widget elementor-widget-icon-box\" data-id=\"6f04c20\" data-element_type=\"widget\" data-widget_type=\"icon-box.default\">\n\t\t\t\t<div class=\"elementor-widget-container\">\n\t\t\t\t\t\t\t<div class=\"elementor-icon-box-wrapper\">\n\n\t\t\t\n\t\t\t\t\t\t<div class=\"elementor-icon-box-content\">\n\n\t\t\t\t\t\t\t\t\t<h3 class=\"elementor-icon-box-title\">\n\t\t\t\t\t\t<span  >\n\t\t\t\t\t\t\tSales and support processes progress faster.\t\t\t\t\t\t<\/span>\n\t\t\t\t\t<\/h3>\n\t\t\t\t\n\t\t\t\t\n\t\t\t<\/div>\n\t\t\t\n\t\t<\/div>\n\t\t\t\t\t\t<\/div>\n\t\t\t\t<\/div>\n\t\t\t\t<\/div>\n\t\t<div class=\"elementor-element elementor-element-bb625a0 e-con-full e-flex e-con e-child\" data-id=\"bb625a0\" data-element_type=\"container\" data-settings=\"{&quot;background_background&quot;:&quot;classic&quot;}\">\n\t\t\t\t<div class=\"elementor-element elementor-element-4980124 elementor-widget elementor-widget-icon-box\" data-id=\"4980124\" data-element_type=\"widget\" data-widget_type=\"icon-box.default\">\n\t\t\t\t<div class=\"elementor-widget-container\">\n\t\t\t\t\t\t\t<div class=\"elementor-icon-box-wrapper\">\n\n\t\t\t\n\t\t\t\t\t\t<div class=\"elementor-icon-box-content\">\n\n\t\t\t\t\t\t\t\t\t<h3 class=\"elementor-icon-box-title\">\n\t\t\t\t\t\t<span  >\n\t\t\t\t\t\t\tWorks seamlessly with your existing PBX infrastructure (VoIP, SIP, IP PBX, etc.).\t\t\t\t\t\t<\/span>\n\t\t\t\t\t<\/h3>\n\t\t\t\t\n\t\t\t\t\n\t\t\t<\/div>\n\t\t\t\n\t\t<\/div>\n\t\t\t\t\t\t<\/div>\n\t\t\t\t<\/div>\n\t\t\t\t<\/div>\n\t\t\t\t<\/div>\n\t\t\t\t<\/div>\n\t\t\t\t<div class=\"elementor-element elementor-element-401d965 elementor-widget elementor-widget-text-editor\" data-id=\"401d965\" data-element_type=\"widget\" data-widget_type=\"text-editor.default\">\n\t\t\t\t<div class=\"elementor-widget-container\">\n\t\t\t\t\t\t\t\t\t<p>It is an indispensable solution for sales, support, and call center teams that frequently communicate with customers over the phone.<br \/><br \/>\u00a0<\/p>\t\t\t\t\t\t\t\t<\/div>\n\t\t\t\t<\/div>\n\t\t\t\t<\/div>\n\t\t\t\t\t<\/div>\n\t\t\t\t<\/div>\n\t\t<div class=\"elementor-element elementor-element-8a6b3f3 e-flex e-con-boxed e-con e-parent\" data-id=\"8a6b3f3\" data-element_type=\"container\">\n\t\t\t\t\t<div class=\"e-con-inner\">\n\t\t\t\t<div class=\"elementor-element elementor-element-50794ea elementor-widget elementor-widget-html\" data-id=\"50794ea\" data-element_type=\"widget\" data-widget_type=\"html.default\">\n\t\t\t\t<div class=\"elementor-widget-container\">\n\t\t\t\t\t\t\t<div data-elementor-type=\"container\" data-elementor-id=\"8216\" class=\"elementor elementor-8216\">\n\t\t\t\t<div class=\"elementor-element elementor-element-6a1a0875 e-con-full e-flex e-con e-parent\" data-id=\"6a1a0875\" data-element_type=\"container\" data-settings=\"{&quot;background_background&quot;:&quot;classic&quot;}\">\n\t\t<div class=\"elementor-element elementor-element-37e31fee e-con-full e-flex e-con e-child\" data-id=\"37e31fee\" data-element_type=\"container\">\n\t\t<div class=\"elementor-element elementor-element-2ec102ed e-con-full e-flex e-con e-child\" data-id=\"2ec102ed\" data-element_type=\"container\">\n\t\t\t\t<div class=\"elementor-element elementor-element-3764ff0 elementor-widget elementor-widget-html\" data-id=\"3764ff0\" data-element_type=\"widget\" data-widget_type=\"html.default\">\n\t\t\t\t<div class=\"elementor-widget-container\">\n\t\t\t\t\t\t\t<div data-elementor-type=\"container\" data-elementor-id=\"7060\" class=\"elementor elementor-7060\">\n\t\t\t\t<div class=\"elementor-element elementor-element-69e75d2a e-con-full e-flex e-con e-child\" data-id=\"69e75d2a\" data-element_type=\"container\">\n\t\t\t\t<div class=\"elementor-element elementor-element-38e07abb elementor-widget elementor-widget-image\" data-id=\"38e07abb\" data-element_type=\"widget\" data-widget_type=\"image.default\">\n\t\t\t\t<div class=\"elementor-widget-container\">\n\t\t\t\t\t\t\t\t\t\t\t\t\t\t\t<img fetchpriority=\"high\" decoding=\"async\" width=\"740\" height=\"742\" src=\"https:\/\/www.isademirci.com\/en\/wp-content\/uploads\/2025\/06\/hizmet-yan-isa-demirci-2.webp\" class=\"attachment-large size-large wp-image-9835\" alt=\"\" srcset=\"https:\/\/www.isademirci.com\/en\/wp-content\/uploads\/2025\/06\/hizmet-yan-isa-demirci-2.webp 900w, https:\/\/www.isademirci.com\/en\/wp-content\/uploads\/2025\/06\/hizmet-yan-isa-demirci-2-300x300.webp 300w, https:\/\/www.isademirci.com\/en\/wp-content\/uploads\/2025\/06\/hizmet-yan-isa-demirci-2-150x150.webp 150w, https:\/\/www.isademirci.com\/en\/wp-content\/uploads\/2025\/06\/hizmet-yan-isa-demirci-2-768x771.webp 768w\" sizes=\"(max-width: 740px) 100vw, 740px\" \/>\t\t\t\t\t\t\t\t\t\t\t\t\t\t\t<\/div>\n\t\t\t\t<\/div>\n\t\t\t\t<\/div>\n\t\t\t\t<\/div>\n\t\t\t\t\t\t<\/div>\n\t\t\t\t<\/div>\n\t\t\t\t<div class=\"elementor-element elementor-element-204fc8ca elementor-widget__width-auto elementor-absolute animate__wobble__two elementor-hidden-mobile elementor-widget elementor-widget-image\" data-id=\"204fc8ca\" data-element_type=\"widget\" data-settings=\"{&quot;_position&quot;:&quot;absolute&quot;}\" data-widget_type=\"image.default\">\n\t\t\t\t<div class=\"elementor-widget-container\">\n\t\t\t\t\t\t\t\t\t\t\t\t\t\t\t<img decoding=\"async\" width=\"190\" height=\"86\" src=\"https:\/\/www.isademirci.com\/en\/wp-content\/uploads\/2025\/04\/arrow-right-curve.png\" class=\"attachment-large size-large wp-image-1550\" alt=\"\" \/>\t\t\t\t\t\t\t\t\t\t\t\t\t\t\t<\/div>\n\t\t\t\t<\/div>\n\t\t\t\t<\/div>\n\t\t<div class=\"elementor-element elementor-element-347f9416 e-con-full e-flex e-con e-child\" data-id=\"347f9416\" data-element_type=\"container\">\n\t\t\t\t<div class=\"elementor-element elementor-element-2909d3f1 elementor-widget elementor-widget-sasstech-heading-title-widget\" data-id=\"2909d3f1\" data-element_type=\"widget\" data-widget_type=\"sasstech-heading-title-widget.default\">\n\t\t\t\t<div class=\"elementor-widget-container\">\n\t\t\t\t\t        \n        <div class=\"section-main-title\">\n                            <span class=\"tw-py-1 tw-px-705 bg-main-50 text-main-600 tw-text-sm fw-bold text-capitalize rounded-pill tw-mb-205\">Zoho Solutions<\/span>\n                        <h2 class=\"fw-light tw-leading-104 tw-mb-9 gap-2\">\n                                    <span class=\"title-style-01 d-inline-block fw-medium\"><span>We Are With You<\/span> on Your <span>Digital Transformation<\/span> Journey\n<\/span> \n                                                                                            <\/h2>\n                    <\/div>\n\n        \t\t\t\t<\/div>\n\t\t\t\t<\/div>\n\t\t\t\t<div class=\"elementor-element elementor-element-634c503 elementor-widget elementor-widget-text-editor\" data-id=\"634c503\" data-element_type=\"widget\" data-widget_type=\"text-editor.default\">\n\t\t\t\t<div class=\"elementor-widget-container\">\n\t\t\t\t\t\t\t\t\t<p>We simplify, accelerate, and scale your business processes with solutions tailored to your needs.<\/p><p>Contact us now and let\u2019s start your project together.<\/p>\t\t\t\t\t\t\t\t<\/div>\n\t\t\t\t<\/div>\n\t\t\t\t<div class=\"elementor-element elementor-element-a33c6ea elementor-widget elementor-widget-html\" data-id=\"a33c6ea\" data-element_type=\"widget\" data-widget_type=\"html.default\">\n\t\t\t\t<div class=\"elementor-widget-container\">\n\t\t\t\t\t\t\t<div data-elementor-type=\"container\" data-elementor-id=\"9858\" class=\"elementor elementor-9858\">\n\t\t\t\t<div class=\"elementor-element elementor-element-02d0ad5 e-con-full e-flex e-con e-parent\" data-id=\"02d0ad5\" data-element_type=\"container\">\n\t\t\t\t<div class=\"elementor-element elementor-element-f690dca elementor-widget elementor-widget-html\" data-id=\"f690dca\" data-element_type=\"widget\" data-widget_type=\"html.default\">\n\t\t\t\t<div class=\"elementor-widget-container\">\n\t\t\t\t\t<iframe aria-label='Contact Form' frameborder=\"0\" style=\"height:500px;border-radius:12px;width:99%;border:none;\" src='https:\/\/forms.zohopublic.eu\/isademircii\/form\/ContactForm\/formperma\/VySkP5jfDewFRRpWfHfbAZogJElE-ry90uMXUA7sS4M?zf_lang=tr'><\/iframe>\t\t\t\t<\/div>\n\t\t\t\t<\/div>\n\t\t\t\t<\/div>\n\t\t\t\t<\/div>\n\t\t\t\t\t\t<\/div>\n\t\t\t\t<\/div>\n\t\t\t\t<div class=\"elementor-element elementor-element-77b53a48 elementor-hidden-desktop elementor-hidden-tablet elementor-hidden-mobile elementor-widget elementor-widget-sasstech-button-widget\" data-id=\"77b53a48\" data-element_type=\"widget\" data-widget_type=\"sasstech-button-widget.default\">\n\t\t\t\t<div class=\"elementor-widget-container\">\n\t\t\t\t\t\n    <div class=\"btn-wrapper\">\n        <a href=\"\/iletisim\/\" class=\"hover--translate-y-1 active--translate-y-scale-9 btn btn-main hover-style-one button--stroke d-sm-inline-flex align-items-center justify-content-center group active--translate-y-2 tw-px-56-px tw-py-5 fw-semibold rounded-pill\" data-block=\"button\">\n            <span class=\"button__flair\"><\/span>\n            <span class=\"button__label\">Hemen \u0130leti\u015fime Ge\u00e7in<\/span>\n                            <span class=\"float-end\">\n                                    <\/span>\n                    <\/a>\n    <\/div>\n\n    \t\t\t\t<\/div>\n\t\t\t\t<\/div>\n\t\t\t\t<\/div>\n\t\t\t\t<\/div>\n\t\t\t\t<\/div>\n\t\t\t\t<\/div>\n\t\t\t\t\t\t<\/div>\n\t\t\t\t<\/div>\n\t\t\t\t\t<\/div>\n\t\t\t\t<\/div>\n\t\t\t\t<\/div>\n\t\t","protected":false},"excerpt":{"rendered":"<p>Zoho PhoneBridge Bring Calls into CRM with PBX Integration Manually entering call history is now a thing of the past. Zoho PhoneBridge integrates your existing PBX system with Zoho CRM, automatically logging all incoming and outgoing calls into CRM records. This fully digitizes the customer communication history. &nbsp; Features and Benefits &nbsp; The customer record<\/p>\n","protected":false},"author":1,"featured_media":0,"parent":0,"menu_order":0,"comment_status":"closed","ping_status":"closed","template":"elementor_header_footer","meta":{"inline_featured_image":false,"footnotes":""},"class_list":["post-8603","page","type-page","status-publish","hentry"],"aioseo_notices":[],"_links":{"self":[{"href":"https:\/\/www.isademirci.com\/en\/wp-json\/wp\/v2\/pages\/8603","targetHints":{"allow":["GET"]}}],"collection":[{"href":"https:\/\/www.isademirci.com\/en\/wp-json\/wp\/v2\/pages"}],"about":[{"href":"https:\/\/www.isademirci.com\/en\/wp-json\/wp\/v2\/types\/page"}],"author":[{"embeddable":true,"href":"https:\/\/www.isademirci.com\/en\/wp-json\/wp\/v2\/users\/1"}],"replies":[{"embeddable":true,"href":"https:\/\/www.isademirci.com\/en\/wp-json\/wp\/v2\/comments?post=8603"}],"version-history":[{"count":3,"href":"https:\/\/www.isademirci.com\/en\/wp-json\/wp\/v2\/pages\/8603\/revisions"}],"predecessor-version":[{"id":10233,"href":"https:\/\/www.isademirci.com\/en\/wp-json\/wp\/v2\/pages\/8603\/revisions\/10233"}],"wp:attachment":[{"href":"https:\/\/www.isademirci.com\/en\/wp-json\/wp\/v2\/media?parent=8603"}],"curies":[{"name":"wp","href":"https:\/\/api.w.org\/{rel}","templated":true}]}}